{"id":361,"date":"2024-07-17T23:18:28","date_gmt":"2024-07-17T21:18:28","guid":{"rendered":"https:\/\/www.foerderkreis-hildegard.de\/?page_id=361"},"modified":"2024-07-18T06:42:27","modified_gmt":"2024-07-18T04:42:27","slug":"foerderkreis-st-hildegard","status":"publish","type":"page","link":"https:\/\/www.foerderkreis-hildegard.de\/index.php\/foerderkreis-st-hildegard\/","title":{"rendered":"F\u00f6rderkreis Kindergarten und Hort St.\u00a0Hildegard, Dachau e.V."},"content":{"rendered":"\n<h3 class=\"wp-block-heading\">F\u00f6rderkreis Kindergarten und Hort St.&nbsp;Hildegard, Dachau e.V.<\/h3>\n\n\n\n<p><\/p>\n\n\n\n<p><\/p>\n\n\n\n<p><strong>Was tun wir?<\/strong><br>Der F\u00f6rderverein unterst\u00fctzt das Kinderhaus&nbsp;St. Hildegard und \u00fcbernimmt aktiv Verantwortung. \u00dcber Mitgliedsbeitr\u00e4ge und das Sammeln von Spenden finanzieren wir zus\u00e4tzliche wichtige Anschaffungen, erm\u00f6glichen ErzieherInnen Fortbildungen und unterst\u00fctzen Aktionen f\u00fcr die Kinder wie z.B. Theaterbesuche und Ausfl\u00fcge. Ein besonderes Anliegen ist uns die Inklusion von Kindern mit besonderem F\u00f6rderbedarf.<\/p>\n\n\n\n<p><strong>Wer sind wir?<\/strong><br>Mitglieder des F\u00f6rdervereins sind Eltern, Personal, Tr\u00e4gervertreter und Freunde des Kindergartens und Horts. Der Verein besteht seit 2006.<\/p>\n\n\n\n<p><strong>Kommen Sie zu uns!<\/strong><br>Werden Sie Mitglied beim F\u00f6rderverein und unterst\u00fctzen Sie uns mit Ihrem Beitrag. Engagieren Sie sich, bringen Sie Ihre Erfahrungen, Ideen und Kontakte ein. F\u00fcllen Sie gleich den <strong><a href=\"https:\/\/www.foerderkreis-hildegard.de\/wp-content\/uploads\/2023\/10\/Beitrittserklaerung-1.pdf\">Mitgliedsantrag<\/a><\/strong> aus oder schreiben Sie uns eine <a href=\"mailto:foerderkreis-hildegard@gmx.de\"><strong>eMail<\/strong><\/a>. Wir freuen uns auf Sie!<\/p>\n\n\n\n<p><strong>Spenden<\/strong><br>k\u00f6nnen Sie uns gerne per \u00dcberweisung oder Dauerauftrag zukommen lassen.<\/p>\n\n\n\n<p>Ab 300\u20ac senden wir Ihnen gerne per Email eine Spendenquittung zu. Dazu bitte im Verwendungszweck zus\u00e4tzlich die Emailadresse mit angeben.<\/p>\n\n\n\n<p><strong>F\u00f6rderkreis Kinderhaus St. Hildegard, Dachau e.V.<br>Sparkasse Dachau<br>IBAN: DE73 7005 1540 0000 7456 12<br>BIC: BYLADEM1DAH<\/strong><\/p>\n","protected":false},"excerpt":{"rendered":"<p>F\u00f6rderkreis Kindergarten und Hort St.&nbsp;Hildegard, Dachau e.V. Was tun wir?Der F\u00f6rderverein unterst\u00fctzt das Kinderhaus&nbsp;St. Hildegard und \u00fcbernimmt aktiv Verantwortung. \u00dcber Mitgliedsbeitr\u00e4ge und das Sammeln von Spenden finanzieren wir zus\u00e4tzliche wichtige Anschaffungen, erm\u00f6glichen ErzieherInnen Fortbildungen und unterst\u00fctzen Aktionen f\u00fcr die Kinder wie z.B. Theaterbesuche und Ausfl\u00fcge. Ein besonderes Anliegen ist uns die Inklusion von Kindern mit [&hellip;]<\/p>\n","protected":false},"author":2,"featured_media":0,"parent":0,"menu_order":0,"comment_status":"closed","ping_status":"closed","template":"","meta":{"footnotes":""},"class_list":["post-361","page","type-page","status-publish","hentry"],"_links":{"self":[{"href":"https:\/\/www.foerderkreis-hildegard.de\/index.php\/wp-json\/wp\/v2\/pages\/361","targetHints":{"allow":["GET"]}}],"collection":[{"href":"https:\/\/www.foerderkreis-hildegard.de\/index.php\/wp-json\/wp\/v2\/pages"}],"about":[{"href":"https:\/\/www.foerderkreis-hildegard.de\/index.php\/wp-json\/wp\/v2\/types\/page"}],"author":[{"embeddable":true,"href":"https:\/\/www.foerderkreis-hildegard.de\/index.php\/wp-json\/wp\/v2\/users\/2"}],"replies":[{"embeddable":true,"href":"https:\/\/www.foerderkreis-hildegard.de\/index.php\/wp-json\/wp\/v2\/comments?post=361"}],"version-history":[{"count":6,"href":"https:\/\/www.foerderkreis-hildegard.de\/index.php\/wp-json\/wp\/v2\/pages\/361\/revisions"}],"predecessor-version":[{"id":376,"href":"https:\/\/www.foerderkreis-hildegard.de\/index.php\/wp-json\/wp\/v2\/pages\/361\/revisions\/376"}],"wp:attachment":[{"href":"https:\/\/www.foerderkreis-hildegard.de\/index.php\/wp-json\/wp\/v2\/media?parent=361"}],"curies":[{"name":"wp","href":"https:\/\/api.w.org\/{rel}","templated":true}]}}