{"id":10,"date":"2019-10-26T09:57:47","date_gmt":"2019-10-26T07:57:47","guid":{"rendered":"https:\/\/www.foerderkreis-hildegard.de\/?page_id=10"},"modified":"2024-11-23T13:17:56","modified_gmt":"2024-11-23T12:17:56","slug":"projekte","status":"publish","type":"page","link":"https:\/\/www.foerderkreis-hildegard.de\/index.php\/projekte\/","title":{"rendered":"Projekte"},"content":{"rendered":"\n<p>Wie unterst\u00fctzt der Verein das Kinderhaus &#8211; ein kleiner Auszug&#8230;<\/p>\n\n\n\n<ul class=\"wp-block-list\">\n<li>Kuko<\/li>\n<\/ul>\n\n\n\n<figure class=\"wp-block-image size-large\"><img loading=\"lazy\" decoding=\"async\" width=\"1024\" height=\"547\" src=\"https:\/\/www.foerderkreis-hildegard.de\/wp-content\/uploads\/2024\/09\/bild-1024x547.jpg\" alt=\"\" class=\"wp-image-383\" srcset=\"https:\/\/www.foerderkreis-hildegard.de\/wp-content\/uploads\/2024\/09\/bild-1024x547.jpg 1024w, https:\/\/www.foerderkreis-hildegard.de\/wp-content\/uploads\/2024\/09\/bild-300x160.jpg 300w, https:\/\/www.foerderkreis-hildegard.de\/wp-content\/uploads\/2024\/09\/bild-768x410.jpg 768w, https:\/\/www.foerderkreis-hildegard.de\/wp-content\/uploads\/2024\/09\/bild-1536x821.jpg 1536w, https:\/\/www.foerderkreis-hildegard.de\/wp-content\/uploads\/2024\/09\/bild-2048x1094.jpg 2048w\" sizes=\"auto, (max-width: 1024px) 100vw, 1024px\" \/><\/figure>\n\n\n\n<ul class=\"wp-block-list\">\n<li>Holzrutscher <\/li>\n<\/ul>\n\n\n\n<figure class=\"wp-block-image size-full\"><img loading=\"lazy\" decoding=\"async\" width=\"1024\" height=\"768\" src=\"https:\/\/www.foerderkreis-hildegard.de\/wp-content\/uploads\/2024\/09\/IMG_20240731_141102.jpg\" alt=\"\" class=\"wp-image-380\" srcset=\"https:\/\/www.foerderkreis-hildegard.de\/wp-content\/uploads\/2024\/09\/IMG_20240731_141102.jpg 1024w, https:\/\/www.foerderkreis-hildegard.de\/wp-content\/uploads\/2024\/09\/IMG_20240731_141102-300x225.jpg 300w, https:\/\/www.foerderkreis-hildegard.de\/wp-content\/uploads\/2024\/09\/IMG_20240731_141102-768x576.jpg 768w\" sizes=\"auto, (max-width: 1024px) 100vw, 1024px\" \/><\/figure>\n\n\n\n<ul class=\"wp-block-list\">\n<li>Kinderrollstuhl &#8222;Wheely Rider&#8220;<\/li>\n<\/ul>\n\n\n\n<figure class=\"wp-block-image aligncenter size-large is-resized\"><img loading=\"lazy\" decoding=\"async\" width=\"768\" height=\"1024\" src=\"https:\/\/www.foerderkreis-hildegard.de\/wp-content\/uploads\/2024\/09\/IMG_20240731_141440-768x1024.jpg\" alt=\"\" class=\"wp-image-379\" style=\"width:541px;height:auto\" srcset=\"https:\/\/www.foerderkreis-hildegard.de\/wp-content\/uploads\/2024\/09\/IMG_20240731_141440-768x1024.jpg 768w, https:\/\/www.foerderkreis-hildegard.de\/wp-content\/uploads\/2024\/09\/IMG_20240731_141440-225x300.jpg 225w, https:\/\/www.foerderkreis-hildegard.de\/wp-content\/uploads\/2024\/09\/IMG_20240731_141440.jpg 1024w\" sizes=\"auto, (max-width: 768px) 100vw, 768px\" \/><\/figure>\n\n\n\n<ul class=\"wp-block-list\">\n<li>Montage eines Deckenhakens in der Turnhalle<\/li>\n\n\n\n<li>WetBags f\u00fcr neue Kinder im Kindergarten<\/li>\n<\/ul>\n\n\n\n<figure class=\"wp-block-image aligncenter size-large is-resized\"><img loading=\"lazy\" decoding=\"async\" width=\"928\" height=\"1024\" src=\"https:\/\/www.foerderkreis-hildegard.de\/wp-content\/uploads\/2024\/07\/Wetbags-928x1024.jpg\" alt=\"\" class=\"wp-image-204\" style=\"width:540px;height:auto\" srcset=\"https:\/\/www.foerderkreis-hildegard.de\/wp-content\/uploads\/2024\/07\/Wetbags-928x1024.jpg 928w, https:\/\/www.foerderkreis-hildegard.de\/wp-content\/uploads\/2024\/07\/Wetbags-272x300.jpg 272w, https:\/\/www.foerderkreis-hildegard.de\/wp-content\/uploads\/2024\/07\/Wetbags-768x848.jpg 768w, https:\/\/www.foerderkreis-hildegard.de\/wp-content\/uploads\/2024\/07\/Wetbags-1392x1536.jpg 1392w, https:\/\/www.foerderkreis-hildegard.de\/wp-content\/uploads\/2024\/07\/Wetbags.jpg 1512w\" sizes=\"auto, (max-width: 928px) 100vw, 928px\" \/><\/figure>\n\n\n\n<ul class=\"wp-block-list\">\n<li>h\u00f6henverstellbare Tische<\/li>\n\n\n\n<li>Spielzeit mit Kugeln<\/li>\n<\/ul>\n\n\n\n<figure class=\"wp-block-gallery has-nested-images columns-default is-cropped wp-block-gallery-1 is-layout-flex wp-block-gallery-is-layout-flex\">\n<figure class=\"wp-block-image size-large\"><img loading=\"lazy\" decoding=\"async\" width=\"937\" height=\"624\" data-id=\"313\" src=\"https:\/\/www.foerderkreis-hildegard.de\/wp-content\/uploads\/2024\/07\/spielzeug_1.jpg\" alt=\"\" class=\"wp-image-313\" srcset=\"https:\/\/www.foerderkreis-hildegard.de\/wp-content\/uploads\/2024\/07\/spielzeug_1.jpg 937w, https:\/\/www.foerderkreis-hildegard.de\/wp-content\/uploads\/2024\/07\/spielzeug_1-300x200.jpg 300w, https:\/\/www.foerderkreis-hildegard.de\/wp-content\/uploads\/2024\/07\/spielzeug_1-768x511.jpg 768w\" sizes=\"auto, (max-width: 937px) 100vw, 937px\" \/><\/figure>\n\n\n\n<figure class=\"wp-block-image size-large\"><img loading=\"lazy\" decoding=\"async\" width=\"767\" height=\"1024\" data-id=\"314\" src=\"https:\/\/www.foerderkreis-hildegard.de\/wp-content\/uploads\/2024\/07\/spielzeug_2-767x1024.jpg\" alt=\"\" class=\"wp-image-314\" srcset=\"https:\/\/www.foerderkreis-hildegard.de\/wp-content\/uploads\/2024\/07\/spielzeug_2-767x1024.jpg 767w, https:\/\/www.foerderkreis-hildegard.de\/wp-content\/uploads\/2024\/07\/spielzeug_2-225x300.jpg 225w, https:\/\/www.foerderkreis-hildegard.de\/wp-content\/uploads\/2024\/07\/spielzeug_2-768x1025.jpg 768w, https:\/\/www.foerderkreis-hildegard.de\/wp-content\/uploads\/2024\/07\/spielzeug_2.jpg 942w\" sizes=\"auto, (max-width: 767px) 100vw, 767px\" \/><\/figure>\n<\/figure>\n\n\n\n<ul class=\"wp-block-list\">\n<li>Werkb\u00e4nke f\u00fcr das Kinderhaus<\/li>\n\n\n\n<li>finanzielle Unterst\u00fctzung bei der Beschaffung von iPads f\u00fcr das Kinderhaus<\/li>\n\n\n\n<li>Anschaffung eines WC-Stuhls und eines Transportwagens f\u00fcr Kinder mit k\u00f6rperlichen Einschr\u00e4nkungen<\/li>\n<\/ul>\n\n\n\n<figure class=\"wp-block-gallery has-nested-images columns-default is-cropped wp-block-gallery-2 is-layout-flex wp-block-gallery-is-layout-flex\">\n<figure class=\"wp-block-image size-large\"><img loading=\"lazy\" decoding=\"async\" width=\"768\" height=\"1024\" data-id=\"407\" src=\"https:\/\/www.foerderkreis-hildegard.de\/wp-content\/uploads\/2024\/11\/WC-Stuhl_01-768x1024.jpeg\" alt=\"\" class=\"wp-image-407\" srcset=\"https:\/\/www.foerderkreis-hildegard.de\/wp-content\/uploads\/2024\/11\/WC-Stuhl_01-768x1024.jpeg 768w, https:\/\/www.foerderkreis-hildegard.de\/wp-content\/uploads\/2024\/11\/WC-Stuhl_01-225x300.jpeg 225w, https:\/\/www.foerderkreis-hildegard.de\/wp-content\/uploads\/2024\/11\/WC-Stuhl_01.jpeg 1024w\" sizes=\"auto, (max-width: 768px) 100vw, 768px\" \/><\/figure>\n\n\n\n<figure class=\"wp-block-image size-large\"><img loading=\"lazy\" decoding=\"async\" width=\"768\" height=\"1024\" data-id=\"406\" src=\"https:\/\/www.foerderkreis-hildegard.de\/wp-content\/uploads\/2024\/11\/Transportwagen01-768x1024.jpeg\" alt=\"\" class=\"wp-image-406\" srcset=\"https:\/\/www.foerderkreis-hildegard.de\/wp-content\/uploads\/2024\/11\/Transportwagen01-768x1024.jpeg 768w, https:\/\/www.foerderkreis-hildegard.de\/wp-content\/uploads\/2024\/11\/Transportwagen01-225x300.jpeg 225w, https:\/\/www.foerderkreis-hildegard.de\/wp-content\/uploads\/2024\/11\/Transportwagen01.jpeg 1024w\" sizes=\"auto, (max-width: 768px) 100vw, 768px\" \/><\/figure>\n<\/figure>\n\n\n\n<ul class=\"wp-block-list\">\n<li>Anschaffung von Medienger\u00e4ten<\/li>\n\n\n\n<li>Exkursionen des Kindergartens und des Horts, bspw. zu einheimischen landwirtschaftlichen Betrieben (Imker 2016) oder Ausstellungen (Schmetterlingsausstellung im Botanischen Garten 2015)<\/li>\n\n\n\n<li>Gestaltung und Umsetzung des Gartens in zwei Projektabschnitten<\/li>\n<\/ul>\n\n\n\n<p><\/p>\n\n\n\n<figure class=\"wp-block-image size-large\"><img loading=\"lazy\" decoding=\"async\" width=\"981\" height=\"1024\" src=\"https:\/\/www.foerderkreis-hildegard.de\/wp-content\/uploads\/2020\/01\/Artikel-Gartenbauprojekt-981x1024.jpg\" alt=\"\" class=\"wp-image-71\" srcset=\"https:\/\/www.foerderkreis-hildegard.de\/wp-content\/uploads\/2020\/01\/Artikel-Gartenbauprojekt-981x1024.jpg 981w, https:\/\/www.foerderkreis-hildegard.de\/wp-content\/uploads\/2020\/01\/Artikel-Gartenbauprojekt-287x300.jpg 287w, https:\/\/www.foerderkreis-hildegard.de\/wp-content\/uploads\/2020\/01\/Artikel-Gartenbauprojekt-768x801.jpg 768w, https:\/\/www.foerderkreis-hildegard.de\/wp-content\/uploads\/2020\/01\/Artikel-Gartenbauprojekt.jpg 1471w\" sizes=\"auto, (max-width: 981px) 100vw, 981px\" \/><\/figure>\n\n\n\n<ul class=\"wp-block-list\">\n<li>k\u00fcnstlerische Einlagen zu Feierlichkeiten des Kindergartens und des Horts<\/li>\n\n\n\n<li>dem 2018 umgesetzten Liftprojekt des Kindergartens<\/li>\n\n\n\n<li>dem dritten und letzten Gartenbauabschnitt 2019.<\/li>\n<\/ul>\n\n\n\n<p>Um Spenden zu erhalten, machte sich der Verein u.a. stark<\/p>\n\n\n\n<ul class=\"wp-block-list\">\n<li>bei Aktionen, bspw. dem Pflanzenverkauf im Innenhof der Kirche Heilig Kreuz oder der j\u00e4hrlichen Nikolausaktion,<\/li>\n\n\n\n<li>f\u00fcr eine Podiumsdiskussion,<\/li>\n\n\n\n<li>f\u00fcr eine Veranstaltung mit der damaligen Sozialministerin.<\/li>\n<\/ul>\n","protected":false},"excerpt":{"rendered":"<p>Wie unterst\u00fctzt der Verein das Kinderhaus &#8211; ein kleiner Auszug&#8230; Um Spenden zu erhalten, machte sich der Verein u.a. stark<\/p>\n","protected":false},"author":1,"featured_media":0,"parent":0,"menu_order":0,"comment_status":"closed","ping_status":"closed","template":"","meta":{"footnotes":""},"class_list":["post-10","page","type-page","status-publish","hentry"],"_links":{"self":[{"href":"https:\/\/www.foerderkreis-hildegard.de\/index.php\/wp-json\/wp\/v2\/pages\/10","targetHints":{"allow":["GET"]}}],"collection":[{"href":"https:\/\/www.foerderkreis-hildegard.de\/index.php\/wp-json\/wp\/v2\/pages"}],"about":[{"href":"https:\/\/www.foerderkreis-hildegard.de\/index.php\/wp-json\/wp\/v2\/types\/page"}],"author":[{"embeddable":true,"href":"https:\/\/www.foerderkreis-hildegard.de\/index.php\/wp-json\/wp\/v2\/users\/1"}],"replies":[{"embeddable":true,"href":"https:\/\/www.foerderkreis-hildegard.de\/index.php\/wp-json\/wp\/v2\/comments?post=10"}],"version-history":[{"count":18,"href":"https:\/\/www.foerderkreis-hildegard.de\/index.php\/wp-json\/wp\/v2\/pages\/10\/revisions"}],"predecessor-version":[{"id":408,"href":"https:\/\/www.foerderkreis-hildegard.de\/index.php\/wp-json\/wp\/v2\/pages\/10\/revisions\/408"}],"wp:attachment":[{"href":"https:\/\/www.foerderkreis-hildegard.de\/index.php\/wp-json\/wp\/v2\/media?parent=10"}],"curies":[{"name":"wp","href":"https:\/\/api.w.org\/{rel}","templated":true}]}}